{"id":85040,"date":"2021-12-22T11:33:29","date_gmt":"2021-12-22T10:33:29","guid":{"rendered":"https:\/\/www.alrok-immobilier.com\/?page_id=85040"},"modified":"2021-12-22T15:58:20","modified_gmt":"2021-12-22T14:58:20","slug":"duplex-loue-sur-la-route-des-vins","status":"publish","type":"page","link":"https:\/\/www.alrok-immobilier.com\/fr\/duplex-loue-sur-la-route-des-vins\/","title":{"rendered":"Ref 21-018-1 &#8211; Duplex lou\u00e9 sur la Route des Vins"},"content":{"rendered":"<div data-parent=\"true\" class=\"vc_row style-color-lxmt-bg row-container\" id=\"row-unique-0\"><div class=\"row-background background-element\" style=\"opacity: 1;\">\n\t\t\t\t\t\t\t\t\t\t\t<div class=\"background-wrapper\">\n\t\t\t\t\t\t\t\t\t\t\t\t<div class=\"background-inner\"><\/div>\n\t\t\t\t\t\t\t\t\t\t\t\t<div class=\"block-bg-overlay style-color-lxmt-bg\" style=\"opacity: 0.9;\"><\/div>\n\t\t\t\t\t\t\t\t\t\t\t<\/div>\n\t\t\t\t\t\t\t\t\t\t<\/div><div class=\"row quad-top-padding quad-bottom-padding single-h-padding full-width row-parent\" data-height-ratio=\"full\"><div class=\"wpb_row row-inner\"><div class=\"wpb_column pos-top pos-center align_left column_parent col-lg-12 double-internal-gutter\"><div class=\"uncol style-light\"  ><div class=\"uncoltable\"><div class=\"uncell\" ><div class=\"uncont double-block-padding col-custom-width style-color-xsdn-bg  unradius-std\" style=\"max-width:900px;\"><div class=\"icon-box icon-box-top\" ><div class=\"icon-box-icon fa-container\" style=\"margin-bottom: 0px;\"><a href=\"https:\/\/www.alrok-immobilier.com\/vitrine\/\" title=\"Revenir \u00e0 la vitrine\" class=\"fa fa-stack fa-1x btn-color-632047 fa-rounded icon-animated custom-link\"><span class=\"icon-automatic-video icon-automatic-fa-1x icon-animated btn-color-632047\"><span class=\"icon-automatic-video-inner-bg\"><\/span><span class=\"icon-automatic-video-outer-bg\"><\/span><\/span><i class=\"fa fa-chevron-left2\"><\/i><\/a><\/div><\/div><div class=\"vc_row row-internal row-container\"><div class=\"row row-child\"><div class=\"wpb_row row-inner\"><div class=\"wpb_column pos-top pos-center align_center column_child col-lg-12 half-internal-gutter\"><div class=\"uncol style-light\" ><div class=\"uncoltable\"><div class=\"uncell no-block-padding\" ><div class=\"uncont\"><div class=\"vc_custom_heading_wrap \"><div class=\"heading-text el-text\" ><h3 class=\"fontsize-155944\" ><span><\/p><\/span><span><h1><span class=\"font-156269\">Duplex lou\u00e9 sur la Route des Vins<br \/><\/span><span><\/span><\/h1><\/span><span><p><\/span><\/h3><\/div><div class=\"clear\"><\/div><\/div><div class=\"uncode_text_column\" ><\/p>\n<div id=\"infos-resume\" class=\"upc\"><span class=\"font-156269\"><span class=\"info-resume orange\">RODERN \u00a0 <span class=\"reference font2\">|\u00a0\u00a0 117<\/span><\/span><span class=\"info-resume\"> m\u00b2\u00a0\u00a0 <span class=\"reference font2\">|\u00a0\u00a0 185<\/span><\/span><span class=\"info-resume orange\"> 000 \u20ac<\/span> \u00a0 <span class=\"reference font2\">|\u00a0\u00a0 R\u00c9F. 21-018-1<\/span><\/span><\/div>\n<p>\n<\/div><div class=\"empty-space empty-single\" ><span class=\"empty-space-inner\"><\/span><\/div>\n<div id=\"gallery-166436\" class=\"isotope-system isotope-general-light grid-general-light\">\n\t\t\t\t\n\t<div class=\"isotope-wrapper grid-wrapper single-gutter\">\n\t\t\t\t\t\t<div class=\"isotope-container isotope-layout style-masonry\" data-type=\"masonry\" data-layout=\"masonry\" data-lg=\"1000\" data-md=\"600\" data-sm=\"480\">\n<div class=\"tmb tmb-iso-w4 tmb-iso-h4 img-round img-round-std tmb-light tmb-overlay-text-anim tmb-overlay-anim tmb-overlay-middle tmb-overlay-text-left tmb-image-anim tmb-bordered tmb-id-84991  tmb-media-first tmb-media-last tmb-content-overlay tmb-no-bg tmb-lightbox\" ><div class=\"t-inside\" ><div class=\"t-entry-visual\"><div class=\"t-entry-visual-tc\"><div class=\"t-entry-visual-cont\"><div class=\"dummy\" style=\"padding-top: 66.7%;\"><\/div><a tabindex=\"-1\" href=\"https:\/\/www.alrok-immobilier.com\/wp-content\/uploads\/2021\/12\/1-1-scaled.jpg\" class=\"pushed\" data-active=\"1\" data-lbox=\"ilightbox_gallery-166436\" data-options=\"width:2560,height:1707,thumbnail: 'https:\/\/www.alrok-immobilier.com\/wp-content\/uploads\/2021\/12\/1-1-300x200.jpg'\" data-lb-index=\"0\"><div class=\"t-entry-visual-overlay\"><div class=\"t-entry-visual-overlay-in style-dark-bg\" style=\"opacity: 0.5;\"><\/div><\/div><img decoding=\"async\" class=\"wp-image-84991\" src=\"https:\/\/www.alrok-immobilier.com\/wp-content\/uploads\/2021\/12\/1-1-scaled.jpg\" width=\"2560\" height=\"1707\" alt=\"Duplex lou\u00e9 sur la Route des Vins \/ ALROK Immobilier\" srcset=\"https:\/\/www.alrok-immobilier.com\/wp-content\/uploads\/2021\/12\/1-1-scaled.jpg 2560w, https:\/\/www.alrok-immobilier.com\/wp-content\/uploads\/2021\/12\/1-1-300x200.jpg 300w, https:\/\/www.alrok-immobilier.com\/wp-content\/uploads\/2021\/12\/1-1-1024x683.jpg 1024w, https:\/\/www.alrok-immobilier.com\/wp-content\/uploads\/2021\/12\/1-1-768x512.jpg 768w, https:\/\/www.alrok-immobilier.com\/wp-content\/uploads\/2021\/12\/1-1-1536x1024.jpg 1536w\" sizes=\"(max-width: 2560px) 100vw, 2560px\" \/><\/a><\/div>\n\t\t\t\t\t<\/div>\n\t\t\t\t<\/div><\/div><\/div><div class=\"tmb tmb-iso-w4 tmb-iso-h4 img-round img-round-std tmb-light tmb-overlay-text-anim tmb-overlay-anim tmb-overlay-middle tmb-overlay-text-left tmb-image-anim tmb-bordered tmb-id-84992  tmb-media-first tmb-media-last tmb-content-overlay tmb-no-bg tmb-lightbox\" ><div class=\"t-inside\" ><div class=\"t-entry-visual\"><div class=\"t-entry-visual-tc\"><div class=\"t-entry-visual-cont\"><div class=\"dummy\" style=\"padding-top: 66.7%;\"><\/div><a tabindex=\"-1\" href=\"https:\/\/www.alrok-immobilier.com\/wp-content\/uploads\/2021\/12\/2-1-scaled.jpg\" class=\"pushed\" data-active=\"1\" data-lbox=\"ilightbox_gallery-166436\" data-options=\"width:2560,height:1707,thumbnail: 'https:\/\/www.alrok-immobilier.com\/wp-content\/uploads\/2021\/12\/2-1-300x200.jpg'\" data-lb-index=\"1\"><div class=\"t-entry-visual-overlay\"><div class=\"t-entry-visual-overlay-in style-dark-bg\" style=\"opacity: 0.5;\"><\/div><\/div><img decoding=\"async\" class=\"wp-image-84992\" src=\"https:\/\/www.alrok-immobilier.com\/wp-content\/uploads\/2021\/12\/2-1-scaled.jpg\" width=\"2560\" height=\"1707\" alt=\"Duplex lou\u00e9 sur la Route des Vins \/ ALROK Immobilier\" srcset=\"https:\/\/www.alrok-immobilier.com\/wp-content\/uploads\/2021\/12\/2-1-scaled.jpg 2560w, https:\/\/www.alrok-immobilier.com\/wp-content\/uploads\/2021\/12\/2-1-300x200.jpg 300w, https:\/\/www.alrok-immobilier.com\/wp-content\/uploads\/2021\/12\/2-1-1024x683.jpg 1024w, https:\/\/www.alrok-immobilier.com\/wp-content\/uploads\/2021\/12\/2-1-768x512.jpg 768w, https:\/\/www.alrok-immobilier.com\/wp-content\/uploads\/2021\/12\/2-1-1536x1024.jpg 1536w\" sizes=\"(max-width: 2560px) 100vw, 2560px\" \/><\/a><\/div>\n\t\t\t\t\t<\/div>\n\t\t\t\t<\/div><\/div><\/div><div class=\"tmb tmb-iso-w4 tmb-iso-h4 img-round img-round-std tmb-light tmb-overlay-text-anim tmb-overlay-anim tmb-overlay-middle tmb-overlay-text-left tmb-image-anim tmb-bordered tmb-id-84994  tmb-media-first tmb-media-last tmb-content-overlay tmb-no-bg tmb-lightbox\" ><div class=\"t-inside\" ><div class=\"t-entry-visual\"><div class=\"t-entry-visual-tc\"><div class=\"t-entry-visual-cont\"><div class=\"dummy\" style=\"padding-top: 66.7%;\"><\/div><a tabindex=\"-1\" href=\"https:\/\/www.alrok-immobilier.com\/wp-content\/uploads\/2021\/12\/3-1-scaled.jpg\" class=\"pushed\" data-active=\"1\" data-lbox=\"ilightbox_gallery-166436\" data-options=\"width:2560,height:1707,thumbnail: 'https:\/\/www.alrok-immobilier.com\/wp-content\/uploads\/2021\/12\/3-1-300x200.jpg'\" data-lb-index=\"2\"><div class=\"t-entry-visual-overlay\"><div class=\"t-entry-visual-overlay-in style-dark-bg\" style=\"opacity: 0.5;\"><\/div><\/div><img decoding=\"async\" class=\"wp-image-84994\" src=\"https:\/\/www.alrok-immobilier.com\/wp-content\/uploads\/2021\/12\/3-1-scaled.jpg\" width=\"2560\" height=\"1707\" alt=\"Duplex lou\u00e9 sur la Route des Vins \/ ALROK Immobilier\" srcset=\"https:\/\/www.alrok-immobilier.com\/wp-content\/uploads\/2021\/12\/3-1-scaled.jpg 2560w, https:\/\/www.alrok-immobilier.com\/wp-content\/uploads\/2021\/12\/3-1-300x200.jpg 300w, https:\/\/www.alrok-immobilier.com\/wp-content\/uploads\/2021\/12\/3-1-1024x683.jpg 1024w, https:\/\/www.alrok-immobilier.com\/wp-content\/uploads\/2021\/12\/3-1-768x512.jpg 768w, https:\/\/www.alrok-immobilier.com\/wp-content\/uploads\/2021\/12\/3-1-1536x1024.jpg 1536w\" sizes=\"(max-width: 2560px) 100vw, 2560px\" \/><\/a><\/div>\n\t\t\t\t\t<\/div>\n\t\t\t\t<\/div><\/div><\/div><div class=\"tmb tmb-iso-w4 tmb-iso-h4 img-round img-round-std tmb-light tmb-overlay-text-anim tmb-overlay-anim tmb-overlay-middle tmb-overlay-text-left tmb-image-anim tmb-bordered tmb-id-84995  tmb-media-first tmb-media-last tmb-content-overlay tmb-no-bg tmb-lightbox\" ><div class=\"t-inside\" ><div class=\"t-entry-visual\"><div class=\"t-entry-visual-tc\"><div class=\"t-entry-visual-cont\"><div class=\"dummy\" style=\"padding-top: 66.7%;\"><\/div><a tabindex=\"-1\" href=\"https:\/\/www.alrok-immobilier.com\/wp-content\/uploads\/2021\/12\/4-1-scaled.jpg\" class=\"pushed\" data-active=\"1\" data-lbox=\"ilightbox_gallery-166436\" data-options=\"width:2560,height:1707,thumbnail: 'https:\/\/www.alrok-immobilier.com\/wp-content\/uploads\/2021\/12\/4-1-300x200.jpg'\" data-lb-index=\"3\"><div class=\"t-entry-visual-overlay\"><div class=\"t-entry-visual-overlay-in style-dark-bg\" style=\"opacity: 0.5;\"><\/div><\/div><img decoding=\"async\" class=\"wp-image-84995\" src=\"https:\/\/www.alrok-immobilier.com\/wp-content\/uploads\/2021\/12\/4-1-scaled.jpg\" width=\"2560\" height=\"1707\" alt=\"Duplex lou\u00e9 sur la Route des Vins \/ ALROK Immobilier\" srcset=\"https:\/\/www.alrok-immobilier.com\/wp-content\/uploads\/2021\/12\/4-1-scaled.jpg 2560w, https:\/\/www.alrok-immobilier.com\/wp-content\/uploads\/2021\/12\/4-1-300x200.jpg 300w, https:\/\/www.alrok-immobilier.com\/wp-content\/uploads\/2021\/12\/4-1-1024x683.jpg 1024w, https:\/\/www.alrok-immobilier.com\/wp-content\/uploads\/2021\/12\/4-1-768x512.jpg 768w, https:\/\/www.alrok-immobilier.com\/wp-content\/uploads\/2021\/12\/4-1-1536x1024.jpg 1536w\" sizes=\"(max-width: 2560px) 100vw, 2560px\" \/><\/a><\/div>\n\t\t\t\t\t<\/div>\n\t\t\t\t<\/div><\/div><\/div><div class=\"tmb tmb-iso-w4 tmb-iso-h4 img-round img-round-std tmb-light tmb-overlay-text-anim tmb-overlay-anim tmb-overlay-middle tmb-overlay-text-left tmb-image-anim tmb-bordered tmb-id-84997  tmb-media-first tmb-media-last tmb-content-overlay tmb-no-bg tmb-lightbox\" ><div class=\"t-inside\" ><div class=\"t-entry-visual\"><div class=\"t-entry-visual-tc\"><div class=\"t-entry-visual-cont\"><div class=\"dummy\" style=\"padding-top: 66.7%;\"><\/div><a tabindex=\"-1\" href=\"https:\/\/www.alrok-immobilier.com\/wp-content\/uploads\/2021\/12\/5-1-scaled.jpg\" class=\"pushed\" data-active=\"1\" data-lbox=\"ilightbox_gallery-166436\" data-options=\"width:2560,height:1707,thumbnail: 'https:\/\/www.alrok-immobilier.com\/wp-content\/uploads\/2021\/12\/5-1-300x200.jpg'\" data-lb-index=\"4\"><div class=\"t-entry-visual-overlay\"><div class=\"t-entry-visual-overlay-in style-dark-bg\" style=\"opacity: 0.5;\"><\/div><\/div><img decoding=\"async\" class=\"wp-image-84997\" src=\"https:\/\/www.alrok-immobilier.com\/wp-content\/uploads\/2021\/12\/5-1-scaled.jpg\" width=\"2560\" height=\"1707\" alt=\"Duplex lou\u00e9 sur la Route des Vins \/ ALROK Immobilier\" srcset=\"https:\/\/www.alrok-immobilier.com\/wp-content\/uploads\/2021\/12\/5-1-scaled.jpg 2560w, https:\/\/www.alrok-immobilier.com\/wp-content\/uploads\/2021\/12\/5-1-300x200.jpg 300w, https:\/\/www.alrok-immobilier.com\/wp-content\/uploads\/2021\/12\/5-1-1024x683.jpg 1024w, https:\/\/www.alrok-immobilier.com\/wp-content\/uploads\/2021\/12\/5-1-768x512.jpg 768w, https:\/\/www.alrok-immobilier.com\/wp-content\/uploads\/2021\/12\/5-1-1536x1024.jpg 1536w\" sizes=\"(max-width: 2560px) 100vw, 2560px\" \/><\/a><\/div>\n\t\t\t\t\t<\/div>\n\t\t\t\t<\/div><\/div><\/div><div class=\"tmb tmb-iso-w4 tmb-iso-h4 img-round img-round-std tmb-light tmb-overlay-text-anim tmb-overlay-anim tmb-overlay-middle tmb-overlay-text-left tmb-image-anim tmb-bordered tmb-id-85002  tmb-media-first tmb-media-last tmb-content-overlay tmb-no-bg tmb-lightbox\" ><div class=\"t-inside\" ><div class=\"t-entry-visual\"><div class=\"t-entry-visual-tc\"><div class=\"t-entry-visual-cont\"><div class=\"dummy\" style=\"padding-top: 66.7%;\"><\/div><a tabindex=\"-1\" href=\"https:\/\/www.alrok-immobilier.com\/wp-content\/uploads\/2021\/12\/6-1-scaled.jpg\" class=\"pushed\" data-active=\"1\" data-lbox=\"ilightbox_gallery-166436\" data-options=\"width:2560,height:1707,thumbnail: 'https:\/\/www.alrok-immobilier.com\/wp-content\/uploads\/2021\/12\/6-1-300x200.jpg'\" data-lb-index=\"5\"><div class=\"t-entry-visual-overlay\"><div class=\"t-entry-visual-overlay-in style-dark-bg\" style=\"opacity: 0.5;\"><\/div><\/div><img decoding=\"async\" class=\"wp-image-85002\" src=\"https:\/\/www.alrok-immobilier.com\/wp-content\/uploads\/2021\/12\/6-1-scaled.jpg\" width=\"2560\" height=\"1707\" alt=\"Duplex lou\u00e9 sur la Route des Vins \/ ALROK Immobilier\" srcset=\"https:\/\/www.alrok-immobilier.com\/wp-content\/uploads\/2021\/12\/6-1-scaled.jpg 2560w, https:\/\/www.alrok-immobilier.com\/wp-content\/uploads\/2021\/12\/6-1-300x200.jpg 300w, https:\/\/www.alrok-immobilier.com\/wp-content\/uploads\/2021\/12\/6-1-1024x683.jpg 1024w, https:\/\/www.alrok-immobilier.com\/wp-content\/uploads\/2021\/12\/6-1-768x512.jpg 768w, https:\/\/www.alrok-immobilier.com\/wp-content\/uploads\/2021\/12\/6-1-1536x1024.jpg 1536w\" sizes=\"(max-width: 2560px) 100vw, 2560px\" \/><\/a><\/div>\n\t\t\t\t\t<\/div>\n\t\t\t\t<\/div><\/div><\/div>\t\t\t\t\t\t<\/div>\n\t\t\t\t\t<\/div>\n\n\t\n\t\n<\/div>\n\n<\/div><\/div><\/div><\/div><\/div><\/div><\/div><\/div><div class=\"uncode-accordion wpb_accordion wpb_content_element\" data-collapsible=\"no\" data-target=\"\" data-active-tab=\"0\" >\n\t\t<div class=\"panel-group wpb_wrapper wpb_accordion_wrapper\" id=\"accordion_1233395067\" role=\"tablist\" aria-multiselectable=\"true\">\n\n<div class=\"panel panel-default wpb_accordion_section group\"><div class=\"panel-heading wpb_accordion_header ui-accordion-header\" role=\"tab\"><p class=\"panel-title\"><a data-toggle=\"collapse\" data-parent=\"#accordion_1233395067\" href=\"#d21d5937-3bb0-2155567891400115556795059520d90-700d\"><span>Caract\u00e9ristiques du bien<\/span><\/a><\/p><\/div><div id=\"d21d5937-3bb0-2155567891400115556795059520d90-700d\" class=\"panel-collapse collapse\" role=\"tabpanel\"><div class=\"panel-body wpb_accordion_content ui-accordion-content half-internal-gutter single-block-padding\">\n\t\t\t\t\t\t<div class=\"uncode_text_column\" ><\/p>\n<div id=\"infos-cles\" class=\"max-width section\">\n<div class=\"info-cle\">\n<p><span class=\"font-156269\">Localisation : <strong>RODERN (68590)<\/strong><\/span><\/p>\n<p><span class=\"font-156269\">Prix de vente honoraires inclus : <strong>185 000 \u20ac<\/strong><\/span><\/p>\n<p><span class=\"font-156269\">Surface loi Carrez : <strong>117 m\u00b2<\/strong><\/span><\/p>\n<p><span class=\"font-156269\">Surface au sol : <strong>153 m\u00b2<\/strong><\/span><\/p>\n<p><span class=\"font-156269\">Nombre de pi\u00e8ces : <strong>4<\/strong><\/span><\/p>\n<p><span class=\"font-156269\">Chambres : <strong>3<\/strong><\/span><\/p>\n<p><span class=\"font-156269\">Salle de bain\/eau : <strong>1<\/strong><\/span><\/p>\n<\/div>\n<\/div>\n<p>\n<\/div><\/div><\/div><\/div><div class=\"panel panel-default wpb_accordion_section group\"><div class=\"panel-heading wpb_accordion_header ui-accordion-header\" role=\"tab\"><p class=\"panel-title\"><a data-toggle=\"collapse\" data-parent=\"#accordion_1233395067\" href=\"#1639998797272-5-8\"><span>Visite guid\u00e9e<\/span><\/a><\/p><\/div><div id=\"1639998797272-5-8\" class=\"panel-collapse collapse\" role=\"tabpanel\"><div class=\"panel-body wpb_accordion_content ui-accordion-content half-internal-gutter single-block-padding\">\n\t\t\t\t\t\t<div class=\"uncode_text_column\" ><p><span class=\"font-156269\">Avis aux investisseurs : appartement de type duplex situ\u00e9 au 1er \u00e9tage d&rsquo;un immeuble enti\u00e8rement r\u00e9nov\u00e9 en 2009.<\/span><\/p>\n<p><span class=\"font-156269\">&#8211; Bail en cours, loyer mensuel : 700\u20ac<\/span><\/p>\n<p><span class=\"font-156269\">&#8211; Surface loi Carrez : 117 m\u00b2 (au sol : 153 m\u00b2)<\/span><\/p>\n<p><span class=\"font-156269\">&#8211; Nombre de pi\u00e8ces : 4 dont 3 chambres<\/span><\/p>\n<p><span class=\"font-156269\">&#8211; Stationnement inclus : 1 place de stationnement (parking int\u00e9rieur de plain-pied)<\/span><\/p>\n<p><span class=\"font-156269\">Acc\u00e8s \u00e0 l&rsquo;autoroute A35 en 4 min.<\/span><\/p>\n<p><span class=\"font-156269\">Bien soumis au statut de la copropri\u00e9t\u00e9.<br \/>\nNombre de lots : 5<br \/>\nPas de proc\u00e9dures en cours.<br \/>\n<\/span><\/p>\n<p><span class=\"font-156269\">Honoraires \u00e0 la charge du vendeur.<\/span><\/p>\n<\/div><\/div><\/div><\/div><div class=\"panel panel-default wpb_accordion_section group\"><div class=\"panel-heading wpb_accordion_header ui-accordion-header\" role=\"tab\"><p class=\"panel-title\"><a data-toggle=\"collapse\" data-parent=\"#accordion_1233395067\" href=\"#6dad8f3c-7309-8155567891400115556795059520d90-700d\"><span>Diagnostics de performance \u00e9nerg\u00e9tique<\/span><\/a><\/p><\/div><div id=\"6dad8f3c-7309-8155567891400115556795059520d90-700d\" class=\"panel-collapse collapse\" role=\"tabpanel\"><div class=\"panel-body wpb_accordion_content ui-accordion-content half-internal-gutter single-block-padding\">\n\t\t\t\t\t\t<div class=\"vc_row row-internal row-container\"><div class=\"row row-child\"><div class=\"wpb_row row-inner\"><div class=\"wpb_column pos-middle pos-center align_center column_child col-lg-6 single-internal-gutter\"><div class=\"uncol style-light\" ><div class=\"uncoltable\"><div class=\"uncell no-block-padding\" ><div class=\"uncont\"><div class=\"uncode-single-media  text-center\"><div class=\"single-wrapper\" style=\"max-width: 85%;\"><div class=\"tmb tmb-light  tmb-media-first tmb-media-last tmb-content-overlay tmb-no-bg\"><div class=\"t-inside\"><div class=\"t-entry-visual\"><div class=\"t-entry-visual-tc\"><div class=\"uncode-single-media-wrapper\"><img decoding=\"async\" class=\"wp-image-85041\" src=\"https:\/\/www.alrok-immobilier.com\/wp-content\/uploads\/2021\/12\/018_1-DPE.png\" width=\"712\" height=\"605\" alt=\"\" srcset=\"https:\/\/www.alrok-immobilier.com\/wp-content\/uploads\/2021\/12\/018_1-DPE.png 712w, https:\/\/www.alrok-immobilier.com\/wp-content\/uploads\/2021\/12\/018_1-DPE-300x255.png 300w, https:\/\/www.alrok-immobilier.com\/wp-content\/uploads\/2021\/12\/018_1-DPE-14x12.png 14w\" sizes=\"(max-width: 712px) 100vw, 712px\" \/><\/div>\n\t\t\t\t\t<\/div>\n\t\t\t\t<\/div><\/div><\/div><\/div><\/div><\/div><\/div><\/div><\/div><\/div><div class=\"wpb_column pos-middle pos-center align_center column_child col-lg-6 single-internal-gutter\"><div class=\"uncol style-light\" ><div class=\"uncoltable\"><div class=\"uncell no-block-padding\" ><div class=\"uncont\"><div class=\"uncode-single-media  text-center\"><div class=\"single-wrapper\" style=\"max-width: 85%;\"><div class=\"tmb tmb-light  tmb-media-first tmb-media-last tmb-content-overlay tmb-no-bg\"><div class=\"t-inside\"><div class=\"t-entry-visual\"><div class=\"t-entry-visual-tc\"><div class=\"uncode-single-media-wrapper\"><img decoding=\"async\" class=\"wp-image-85042\" src=\"https:\/\/www.alrok-immobilier.com\/wp-content\/uploads\/2021\/12\/018_1-GES.png\" width=\"712\" height=\"605\" alt=\"\" srcset=\"https:\/\/www.alrok-immobilier.com\/wp-content\/uploads\/2021\/12\/018_1-GES.png 712w, https:\/\/www.alrok-immobilier.com\/wp-content\/uploads\/2021\/12\/018_1-GES-300x255.png 300w, https:\/\/www.alrok-immobilier.com\/wp-content\/uploads\/2021\/12\/018_1-GES-14x12.png 14w\" sizes=\"(max-width: 712px) 100vw, 712px\" \/><\/div>\n\t\t\t\t\t<\/div>\n\t\t\t\t<\/div><\/div><\/div><\/div><\/div><\/div><\/div><\/div><\/div><\/div><\/div><\/div><\/div><\/div><\/div><\/div><div class=\"panel panel-default wpb_accordion_section group\"><div class=\"panel-heading wpb_accordion_header ui-accordion-header\" role=\"tab\"><p class=\"panel-title\"><a data-toggle=\"collapse\" data-parent=\"#accordion_1233395067\" href=\"#1639998858363-5-5\"><span>Honoraires de l'agence<\/span><\/a><\/p><\/div><div id=\"1639998858363-5-5\" class=\"panel-collapse collapse\" role=\"tabpanel\"><div class=\"panel-body wpb_accordion_content ui-accordion-content half-internal-gutter single-block-padding\">\n\t\t\t\t\t\t<div class=\"uncode_text_column\" ><p><span class=\"font-156269\">Les honoraires s&rsquo;entendent TTC et \u00e0 la charge du vendeur.<\/span><\/p>\n<p><span class=\"font-156269\">SIREN : 878 667 237\u00a0 &#8211;\u00a0 RCS Colmar B 878 667 237<\/span><\/p>\n<\/div><\/div><\/div><\/div><div class=\"panel panel-default wpb_accordion_section group\"><div class=\"panel-heading wpb_accordion_header ui-accordion-header\" role=\"tab\"><p class=\"panel-title\"><a data-toggle=\"collapse\" data-parent=\"#accordion_1233395067\" href=\"#1588610585459-2-5\"><span>- M\u00e9diateur<\/span><\/a><\/p><\/div><div id=\"1588610585459-2-5\" class=\"panel-collapse collapse\" role=\"tabpanel\"><div class=\"panel-body wpb_accordion_content ui-accordion-content half-internal-gutter single-block-padding\">\n\t\t\t\t\t\t<div class=\"uncode_text_column\" ><p><span class=\"font-156269\">Conform\u00e9ment aux articles L.616-1 et R.616-1 du code de la consommation, nous proposons un dispositif de m\u00e9diation de la consommation. L&rsquo;entit\u00e9 de m\u00e9diation retenue est La Chambre Nationale des Praticiens de la M\u00e9diation &#8211; 27 avenue de la lib\u00e9ration 42400 SAINT-CHAMOND.<\/span><\/p>\n<\/div><\/div><\/div><\/div>\n\t\t<\/div>\n\t<\/div><div class=\"vc_row row-internal row-container\"><div class=\"row row-child\"><div class=\"wpb_row row-inner\"><div class=\"wpb_column pos-top pos-center align_center column_child col-lg-6 single-internal-gutter\"><div class=\"uncol style-light\" ><div class=\"uncoltable\"><div class=\"uncell no-block-padding\" ><div class=\"uncont\"><span class=\"btn-container animate_when_almost_visible zoom-in\" data-delay=\"200\"><a href=\"mailto:contact@alrok.fr\" class=\"custom-link btn btn-lg border-width-0 btn-color-632047 btn-round btn-icon-left\"><i class=\"fa fa-paper-plane\"><\/i>contact@alrok.fr<\/a><\/span><\/div><\/div><\/div><\/div><\/div><div class=\"wpb_column pos-top pos-center align_center column_child col-lg-6 single-internal-gutter\"><div class=\"uncol style-light\" ><div class=\"uncoltable\"><div class=\"uncell no-block-padding\" ><div class=\"uncont\"><span class=\"btn-container animate_when_almost_visible zoom-in\" data-delay=\"200\"><a href=\"tel:+33369618418\" class=\"custom-link btn btn-lg border-width-0 btn-color-632047 btn-round btn-icon-left\"><i class=\"fa fa-phone\"><\/i>+33 (0)3 69 618 418<\/a><\/span><\/div><\/div><\/div><\/div><\/div><\/div><\/div><\/div><\/div><\/div><\/div><\/div><\/div><script id=\"script-row-unique-0\" data-row=\"script-row-unique-0\" type=\"text\/javascript\" class=\"vc_controls\">UNCODE.initRow(document.getElementById(\"row-unique-0\"));<\/script><\/div><\/div><\/div><div data-parent=\"true\" class=\"vc_row row-container\" id=\"row-unique-1\"><div class=\"row limit-width row-parent\"><div class=\"wpb_row row-inner\"><div class=\"wpb_column pos-top pos-center align_left column_parent col-lg-12 single-internal-gutter\"><div class=\"uncol style-light\"  ><div class=\"uncoltable\"><div class=\"uncell no-block-padding\" ><div class=\"uncont\"><div id=\"\" class=\"isotope-system isotope-general-light grid-general-light\">\n\t\n\t<div class=\"isotope-wrapper grid-wrapper single-gutter\">\n\t\t\t\t\t\t<div class=\"isotope-container isotope-layout style-masonry\" data-type=\"masonry\" data-layout=\"masonry\" data-lg=\"1000\" data-md=\"600\" data-sm=\"480\">\n\t\t\t\t\t\t<\/div>\n\t\t\t\t\t<\/div>\n\n\t\n\t\n<\/div>\n\n<\/div><\/div><\/div><\/div><\/div><script id=\"script-row-unique-1\" data-row=\"script-row-unique-1\" type=\"text\/javascript\" class=\"vc_controls\">UNCODE.initRow(document.getElementById(\"row-unique-1\"));<\/script><\/div><\/div><\/div>\n","protected":false},"excerpt":{"rendered":"Duplex lou\u00e9 sur la Route des VinsRODERN \u00a0 |\u00a0\u00a0 117 m\u00b2\u00a0\u00a0 |\u00a0\u00a0 185 000 \u20ac \u00a0 |\u00a0\u00a0 R\u00c9F. 21-018-1 Caract\u00e9ristiques [...]","protected":false},"author":1,"featured_media":0,"parent":0,"menu_order":0,"comment_status":"closed","ping_status":"closed","template":"","meta":[],"_links":{"self":[{"href":"https:\/\/www.alrok-immobilier.com\/fr\/wp-json\/wp\/v2\/pages\/85040"}],"collection":[{"href":"https:\/\/www.alrok-immobilier.com\/fr\/wp-json\/wp\/v2\/pages"}],"about":[{"href":"https:\/\/www.alrok-immobilier.com\/fr\/wp-json\/wp\/v2\/types\/page"}],"author":[{"embeddable":true,"href":"https:\/\/www.alrok-immobilier.com\/fr\/wp-json\/wp\/v2\/users\/1"}],"replies":[{"embeddable":true,"href":"https:\/\/www.alrok-immobilier.com\/fr\/wp-json\/wp\/v2\/comments?post=85040"}],"version-history":[{"count":9,"href":"https:\/\/www.alrok-immobilier.com\/fr\/wp-json\/wp\/v2\/pages\/85040\/revisions"}],"predecessor-version":[{"id":85178,"href":"https:\/\/www.alrok-immobilier.com\/fr\/wp-json\/wp\/v2\/pages\/85040\/revisions\/85178"}],"wp:attachment":[{"href":"https:\/\/www.alrok-immobilier.com\/fr\/wp-json\/wp\/v2\/media?parent=85040"}],"curies":[{"name":"wp","href":"https:\/\/api.w.org\/{rel}","templated":true}]}}