{"id":84549,"date":"2020-01-29T23:57:59","date_gmt":"2020-01-29T22:57:59","guid":{"rendered":"https:\/\/www.alrok-immobilier.com\/?page_id=84549"},"modified":"2020-05-04T18:49:39","modified_gmt":"2020-05-04T16:49:39","slug":"honoraires","status":"publish","type":"page","link":"https:\/\/www.alrok-immobilier.com\/fr\/honoraires\/","title":{"rendered":"Honoraires"},"content":{"rendered":"<div data-parent=\"true\" class=\"vc_row style-color-lxmt-bg row-container\" id=\"row-unique-0\"><div class=\"row-background background-element\" style=\"opacity: 1;\">\n\t\t\t\t\t\t\t\t\t\t\t<div class=\"background-wrapper\">\n\t\t\t\t\t\t\t\t\t\t\t\t<div class=\"background-inner\"><\/div>\n\t\t\t\t\t\t\t\t\t\t\t\t<div class=\"block-bg-overlay style-color-lxmt-bg\" style=\"opacity: 0.9;\"><\/div>\n\t\t\t\t\t\t\t\t\t\t\t<\/div>\n\t\t\t\t\t\t\t\t\t\t<\/div><div class=\"row quad-top-padding quad-bottom-padding single-h-padding full-width row-parent\" data-height-ratio=\"full\"><div class=\"wpb_row row-inner\"><div class=\"wpb_column pos-top pos-center align_left column_parent col-lg-12 double-internal-gutter\"><div class=\"uncol style-light\"  ><div class=\"uncoltable\"><div class=\"uncell\" ><div class=\"uncont double-block-padding col-custom-width style-color-xsdn-bg  unradius-std\" style=\"max-width:900px;\"><div class=\"icon-box icon-box-top\" ><div class=\"icon-box-icon fa-container\" style=\"margin-bottom: 0px;\"><a href=\"https:\/\/www.alrok-immobilier.com\/#nous-connaitre\" class=\"fa fa-stack fa-1x btn-color-632047 fa-rounded icon-animated custom-link\"><span class=\"icon-automatic-video icon-automatic-fa-1x icon-animated btn-color-632047\"><span class=\"icon-automatic-video-inner-bg\"><\/span><span class=\"icon-automatic-video-outer-bg\"><\/span><\/span><i class=\"fa fa-chevron-left2\"><\/i><\/a><\/div><\/div><div class=\"vc_row row-internal row-container\"><div class=\"row row-child\"><div class=\"wpb_row row-inner\"><div class=\"wpb_column pos-top pos-center align_center column_child col-lg-12 half-internal-gutter\"><div class=\"uncol style-light\" ><div class=\"uncoltable\"><div class=\"uncell no-block-padding\" ><div class=\"uncont\"><div class=\"vc_custom_heading_wrap \"><div class=\"heading-text el-text\" ><h3 class=\"fontsize-155944\" ><span><\/p><\/span><span><h1><span class=\"font-156269\">Honoraires de l&rsquo;agence<br \/><\/span><span><\/span><\/h1><\/span><span><p><\/span><\/h3><\/div><div class=\"clear\"><\/div><\/div><\/div><\/div><\/div><\/div><\/div><\/div><\/div><\/div><div class=\"uncode-accordion wpb_accordion wpb_content_element\" data-collapsible=\"no\" data-target=\"\" data-active-tab=\"0\" >\n\t\t<div class=\"panel-group wpb_wrapper wpb_accordion_wrapper\" id=\"accordion_586982982\" role=\"tablist\" aria-multiselectable=\"true\">\n\n<div class=\"panel panel-default wpb_accordion_section group\"><div class=\"panel-heading wpb_accordion_header ui-accordion-header\" role=\"tab\"><p class=\"panel-title\"><a data-toggle=\"collapse\" data-parent=\"#accordion_586982982\" href=\"#d21d5937-3bb0-2155567891400115556795059520d90-700d\"><span>VENTES<\/span><\/a><\/p><\/div><div id=\"d21d5937-3bb0-2155567891400115556795059520d90-700d\" class=\"panel-collapse collapse\" role=\"tabpanel\"><div class=\"panel-body wpb_accordion_content ui-accordion-content half-internal-gutter single-block-padding\">\n\t\t\t\t\t\t<div class=\"uncode_text_column\" ><p><strong><span class=\"font-156269\">&gt; Sauf conventions particuli\u00e8res :<\/span><\/strong><\/p>\n<ul>\n<li><span class=\"font-156269\">5% TTC \u00e0 la charge du vendeur pour les biens \u00e0 plus de 200 000\u20ac<\/span><\/li>\n<li><span class=\"font-156269\">Forfait 9 000\u20ac TTC \u00e0 la charge du vendeur pour les biens \u00e0 moins de 200 000\u20ac<\/span><\/li>\n<\/ul>\n<p><span class=\"font-156269\">Ces honoraires sont pratiqu\u00e9s dans une majorit\u00e9 de transactions et restent exceptionnellement susceptibles d&rsquo;\u00e9voluer dans des limites proches des conditions \u00e9tablies.<\/span><\/p>\n<\/div><\/div><\/div><\/div><div class=\"panel panel-default wpb_accordion_section group\"><div class=\"panel-heading wpb_accordion_header ui-accordion-header\" role=\"tab\"><p class=\"panel-title\"><a data-toggle=\"collapse\" data-parent=\"#accordion_586982982\" href=\"#6dad8f3c-7309-8155567891400115556795059520d90-700d\"><span>LOCATIONS<\/span><\/a><\/p><\/div><div id=\"6dad8f3c-7309-8155567891400115556795059520d90-700d\" class=\"panel-collapse collapse\" role=\"tabpanel\"><div class=\"panel-body wpb_accordion_content ui-accordion-content half-internal-gutter single-block-padding\">\n\t\t\t\t\t\t<div class=\"uncode_text_column\" ><p><strong><span class=\"font-156269\">&gt; Habitation :<\/span><\/strong><\/p>\n<ul>\n<li><span class=\"font-156269\">Honoraires agence \u00e0 la charge du locataire : un mois de loyer hors charges dans la limite du plafond fix\u00e9 par la loi ALUR, soit 10\u20ac TTC\/m\u00b2 pour les zones tendues et 8\u20ac TTC\/m\u00b2 pour les autres zones. A cela s\u2019ajoute 3\u20ac\/m\u00b2 pour la r\u00e9alisation de l\u2019\u00e9tat des lieux.<\/span><\/li>\n<li><span class=\"font-156269\">Honoraires agence \u00e0 la charge du propri\u00e9taire : un mois de loyer hors charges TTC.<\/span><\/li>\n<\/ul>\n<p><strong><span class=\"font-156269\">&gt; Local commercial ou bureau \u00e0 la charge du preneur :<\/span><\/strong><\/p>\n<ul>\n<li><span class=\"font-156269\">20% de loyer annuel hors taxes hors charges<\/span><\/li>\n<\/ul>\n<p>\n<\/div><\/div><\/div><\/div><div class=\"panel panel-default wpb_accordion_section group\"><div class=\"panel-heading wpb_accordion_header ui-accordion-header\" role=\"tab\"><p class=\"panel-title\"><a data-toggle=\"collapse\" data-parent=\"#accordion_586982982\" href=\"#1588610585459-2-5\"><span>- M\u00e9diateur<\/span><\/a><\/p><\/div><div id=\"1588610585459-2-5\" class=\"panel-collapse collapse\" role=\"tabpanel\"><div class=\"panel-body wpb_accordion_content ui-accordion-content half-internal-gutter single-block-padding\">\n\t\t\t\t\t\t<div class=\"uncode_text_column\" ><p><span class=\"font-156269\">Conform\u00e9ment aux articles L.616-1 et R.616-1 du code de la consommation, nous proposons un dispositif de m\u00e9diation de la consommation. L&rsquo;entit\u00e9 de m\u00e9diation retenue est La Chambre Nationale des Praticiens de la M\u00e9diation &#8211; 27 avenue de la lib\u00e9ration 42400 SAINT-CHAMOND.<\/span><\/p>\n<\/div><\/div><\/div><\/div>\n\t\t<\/div>\n\t<\/div><\/div><\/div><\/div><\/div><\/div><script id=\"script-row-unique-0\" data-row=\"script-row-unique-0\" type=\"text\/javascript\" class=\"vc_controls\">UNCODE.initRow(document.getElementById(\"row-unique-0\"));<\/script><\/div><\/div><\/div>\n","protected":false},"excerpt":{"rendered":"Honoraires de l'agence VENTES &gt; Sauf conventions particuli\u00e8res : 5% TTC \u00e0 la charge du vendeur pour les biens \u00e0 [...]","protected":false},"author":1,"featured_media":0,"parent":0,"menu_order":0,"comment_status":"closed","ping_status":"closed","template":"","meta":[],"_links":{"self":[{"href":"https:\/\/www.alrok-immobilier.com\/fr\/wp-json\/wp\/v2\/pages\/84549"}],"collection":[{"href":"https:\/\/www.alrok-immobilier.com\/fr\/wp-json\/wp\/v2\/pages"}],"about":[{"href":"https:\/\/www.alrok-immobilier.com\/fr\/wp-json\/wp\/v2\/types\/page"}],"author":[{"embeddable":true,"href":"https:\/\/www.alrok-immobilier.com\/fr\/wp-json\/wp\/v2\/users\/1"}],"replies":[{"embeddable":true,"href":"https:\/\/www.alrok-immobilier.com\/fr\/wp-json\/wp\/v2\/comments?post=84549"}],"version-history":[{"count":76,"href":"https:\/\/www.alrok-immobilier.com\/fr\/wp-json\/wp\/v2\/pages\/84549\/revisions"}],"predecessor-version":[{"id":84842,"href":"https:\/\/www.alrok-immobilier.com\/fr\/wp-json\/wp\/v2\/pages\/84549\/revisions\/84842"}],"wp:attachment":[{"href":"https:\/\/www.alrok-immobilier.com\/fr\/wp-json\/wp\/v2\/media?parent=84549"}],"curies":[{"name":"wp","href":"https:\/\/api.w.org\/{rel}","templated":true}]}}