{"id":72412,"date":"2018-04-09T11:22:13","date_gmt":"2018-04-09T09:22:13","guid":{"rendered":"https:\/\/undsgn.com\/uncode\/?page_id=72412"},"modified":"2023-02-16T21:13:11","modified_gmt":"2023-02-16T20:13:11","slug":"alrok-immobilier","status":"publish","type":"page","link":"https:\/\/www.alrok-immobilier.com\/fr\/","title":{"rendered":"ALROK Immobilier"},"content":{"rendered":"<div data-parent=\"true\" class=\"vc_row sticky-element row-container onepage-section\" data-label=\"Accueil\" data-name=\"accueil\" id=\"row-unique-0\"><div class=\"row-background background-element\">\n\t\t\t\t\t\t\t\t\t\t\t<div class=\"background-wrapper\">\n\t\t\t\t\t\t\t\t\t\t\t\t<div class=\"background-inner\" style=\"background-image: url(https:\/\/www.alrok-immobilier.com\/wp-content\/uploads\/2018\/04\/19131935264_7cfaf24b95_o.jpg);background-repeat: no-repeat;background-position: center center;background-attachment: scroll;background-size: cover;\"><\/div>\n\t\t\t\t\t\t\t\t\t\t\t\t<div class=\"block-bg-overlay style-color-lxmt-bg\" style=\"opacity: 0.75;\"><\/div>\n\t\t\t\t\t\t\t\t\t\t\t<\/div>\n\t\t\t\t\t\t\t\t\t\t<\/div><div class=\"row limit-width row-parent\" data-height-ratio=\"full\"><div class=\"wpb_row row-inner\"><div class=\"wpb_column pos-middle pos-center align_center column_parent col-lg-12 col-md-50 no-internal-gutter\"><div class=\"uncol style-dark animate_when_almost_visible alpha-anim\"  ><div class=\"uncoltable\"><div class=\"uncell no-block-padding\" ><div class=\"uncont\"><div class=\"vc_row row-internal row-container\"><div class=\"row col-no-gutter row-child\" data-height=\"99\"><div class=\"wpb_row row-inner\"><div class=\"wpb_column pos-middle pos-center align_center column_child col-lg-12 col-md-50 half-internal-gutter\"><div class=\"uncol style-dark\" ><div class=\"uncoltable\"><div class=\"uncell no-block-padding\" ><div class=\"uncont\"><div class=\"uncode-single-media  text-center animate_when_almost_visible alpha-anim\" data-delay=\"400\"><div class=\"single-wrapper\" style=\"max-width: 28%;\"><div class=\"uncode-single-media-wrapper single-advanced\"><div class=\"tmb tmb-light tmb-overlay-text-anim tmb-overlay-anim tmb-overlay-text-left tmb-image-anim  img-circle tmb-media-first tmb-media-last tmb-content-overlay tmb-no-bg\" ><div class=\"t-inside\" ><div class=\"t-entry-visual\"><div class=\"t-entry-visual-tc\"><div class=\"t-entry-visual-cont\"><div class=\"dummy\" style=\"padding-top: 100%;\"><\/div><a tabindex=\"-1\" href=\"#\" class=\"inactive-link pushed\"><div class=\"t-entry-visual-overlay\"><div class=\"t-entry-visual-overlay-in style-dark-bg\" style=\"opacity: 0.01;\"><\/div><\/div><img decoding=\"async\" class=\"wp-image-83339\" src=\"https:\/\/www.alrok-immobilier.com\/wp-content\/uploads\/2019\/11\/logo-ALROK-triangle-square-sans-fond-scaled.png\" width=\"2560\" height=\"2560\" alt=\"Logo ALROK Immobilier\" srcset=\"https:\/\/www.alrok-immobilier.com\/wp-content\/uploads\/2019\/11\/logo-ALROK-triangle-square-sans-fond-scaled.png 2560w, https:\/\/www.alrok-immobilier.com\/wp-content\/uploads\/2019\/11\/logo-ALROK-triangle-square-sans-fond-300x300.png 300w, https:\/\/www.alrok-immobilier.com\/wp-content\/uploads\/2019\/11\/logo-ALROK-triangle-square-sans-fond-1024x1024.png 1024w, https:\/\/www.alrok-immobilier.com\/wp-content\/uploads\/2019\/11\/logo-ALROK-triangle-square-sans-fond-150x150.png 150w, https:\/\/www.alrok-immobilier.com\/wp-content\/uploads\/2019\/11\/logo-ALROK-triangle-square-sans-fond-768x768.png 768w, https:\/\/www.alrok-immobilier.com\/wp-content\/uploads\/2019\/11\/logo-ALROK-triangle-square-sans-fond-1536x1536.png 1536w, https:\/\/www.alrok-immobilier.com\/wp-content\/uploads\/2019\/11\/logo-ALROK-triangle-square-sans-fond-2048x2048.png 2048w\" sizes=\"(max-width: 2560px) 100vw, 2560px\" \/><\/a><\/div>\n\t\t\t\t\t<\/div>\n\t\t\t\t<\/div><\/div><\/div><\/div><\/div><\/div><div class=\"empty-space empty-single\" ><span class=\"empty-space-inner\"><\/span><\/div>\n<div class=\"icon-box icon-box-top\" ><div class=\"icon-box-icon fa-container\" style=\"margin-bottom: 0px;\"><a href=\"#lieux-hors-normes\" class=\"fa fa-stack fa-1x btn-color-632047 fa-rounded icon-animated custom-link\"><span class=\"icon-automatic-video icon-automatic-fa-1x icon-animated btn-color-632047\"><span class=\"icon-automatic-video-inner-bg\"><\/span><span class=\"icon-automatic-video-outer-bg\"><\/span><\/span><i class=\"fa fa-chevron-down\"><\/i><\/a><\/div><\/div><\/div><\/div><\/div><\/div><\/div><\/div><\/div><\/div><\/div><\/div><\/div><\/div><\/div><script id=\"script-row-unique-0\" data-row=\"script-row-unique-0\" type=\"text\/javascript\" class=\"vc_controls\">UNCODE.initRow(document.getElementById(\"row-unique-0\"));<\/script><\/div><\/div><\/div><div data-parent=\"true\" class=\"vc_row row-container onepage-section\" data-label=\"Lieux hors normes\" data-name=\"lieux-hors-normes\" id=\"row-unique-1\"><div class=\"row-background background-element\">\n\t\t\t\t\t\t\t\t\t\t\t<div class=\"background-wrapper\">\n\t\t\t\t\t\t\t\t\t\t\t\t<div class=\"background-inner\" style=\"background-image: url(https:\/\/www.alrok-immobilier.com\/wp-content\/uploads\/2019\/11\/low-35793464031_ffa9084d8b_k.jpg);background-repeat: no-repeat;background-position: center center;background-attachment: scroll;background-size: cover;\"><\/div>\n\t\t\t\t\t\t\t\t\t\t\t\t<div class=\"block-bg-overlay style-color-rgdb-bg\" style=\"opacity: 0.8;\"><\/div>\n\t\t\t\t\t\t\t\t\t\t\t<\/div>\n\t\t\t\t\t\t\t\t\t\t<\/div><div class=\"row single-top-padding single-bottom-padding triple-h-padding full-width row-parent\" data-height-ratio=\"full\"><div class=\"wpb_row row-inner\"><div class=\"wpb_column pos-middle pos-left align_left column_parent col-lg-12 single-internal-gutter\"><div class=\"uncol style-dark\"  ><div class=\"uncoltable\"><div class=\"uncell\" ><div class=\"uncont no-block-padding col-custom-width\" style=\"max-width:75%;\"><div class=\"vc_custom_heading_wrap \"><div class=\"heading-text el-text alpha-anim animate_when_almost_visible\" data-delay=\"200\"><\/p>\n<h1><span class=\"font-156269\">Lieux d\u00e9tourn\u00e9s de leur usage d\u2019origine, r\u00e9nov\u00e9s ou \u00e0 potentiel de r\u00e9novation<\/span><\/h1>\n<p>\n<\/div><div class=\"clear\"><\/div><\/div><div class=\"uncode_text_column alpha-anim animate_when_almost_visible\" data-speed=\"400\"><\/p>\n<blockquote>\n<h4><span class=\"font-156269\">\u00c9glises d\u00e9sacralis\u00e9es\u00a0 &#8211;\u00a0 <\/span><span class=\"font-156269\">Anciennes \u00e9coles<\/span><span class=\"font-156269\">\u00a0 &#8211;\u00a0 <\/span><span class=\"font-156269\">Th\u00e9\u00e2tres &amp; salles de spectacle<\/span><span class=\"font-156269\"><br \/>\n<\/span><span class=\"font-156269\">Corps de ferme\u00a0 &#8211;\u00a0 Granges\u00a0 &#8211;\u00a0 \u00c9curies\u00a0 &#8211;\u00a0 M\u00e9tairies<\/span><span class=\"font-156269\">\u00a0 &#8211;\u00a0 Long\u00e8res\u00a0 &#8211;\u00a0 Moulins<br \/>\n<\/span><span class=\"font-156269\">Ch\u00e2teaux d\u2019eau\u00a0 &#8211;\u00a0 <\/span><span class=\"font-156269\">Presbyt\u00e8res\u00a0 &#8211;\u00a0 <\/span><span class=\"font-156269\">P\u00e9niches<\/span><span class=\"font-156269\">\u00a0 &#8211;\u00a0 Relais de poste<\/span><span class=\"font-156269\">\u00a0 &#8211;\u00a0 <\/span><span class=\"font-156269\">Chais<br \/>\n<\/span><span class=\"font-156269\">Ateliers d&rsquo;artistes\u00a0 &#8211;\u00a0 <\/span><span class=\"font-156269\">Lofts<\/span><\/h4>\n<\/blockquote>\n<p>\n<\/div><\/div><\/div><\/div><\/div><\/div><script id=\"script-row-unique-1\" data-row=\"script-row-unique-1\" type=\"text\/javascript\" class=\"vc_controls\">UNCODE.initRow(document.getElementById(\"row-unique-1\"));<\/script><\/div><\/div><\/div><div data-parent=\"true\" class=\"vc_row row-container onepage-section\" data-label=\"Sites industriels et militaires\" data-name=\"sites-industriels-militaires-commerciales\" id=\"row-unique-2\"><div class=\"row-background background-element\">\n\t\t\t\t\t\t\t\t\t\t\t<div class=\"background-wrapper\">\n\t\t\t\t\t\t\t\t\t\t\t\t<div class=\"background-inner\" style=\"background-image: url(https:\/\/www.alrok-immobilier.com\/wp-content\/uploads\/2019\/11\/15251911109_26d8d8f454_o-e1574360339292.jpg);background-repeat: no-repeat;background-position: right bottom;background-attachment: scroll;background-size: cover;\"><\/div>\n\t\t\t\t\t\t\t\t\t\t\t\t<div class=\"block-bg-overlay style-color-rgdb-bg\" style=\"opacity: 0.7;\"><\/div>\n\t\t\t\t\t\t\t\t\t\t\t<\/div>\n\t\t\t\t\t\t\t\t\t\t<\/div><div class=\"row single-top-padding single-bottom-padding triple-h-padding full-width row-parent\" data-height-ratio=\"full\"><div class=\"wpb_row row-inner\"><div class=\"wpb_column pos-middle pos-left align_left column_parent col-lg-12 single-internal-gutter\"><div class=\"uncol style-dark\"  ><div class=\"uncoltable\"><div class=\"uncell\" ><div class=\"uncont no-block-padding col-custom-width\" style=\"max-width:75%;\"><div class=\"vc_custom_heading_wrap \"><div class=\"heading-text el-text alpha-anim animate_when_almost_visible\" data-delay=\"200\"><\/p>\n<h1><span class=\"font-156269\">Sites d\u2019origines industrielles, militaires ou commerciales \u00e0 transformer ou r\u00e9habiliter<\/span><\/h1>\n<p>\n<\/div><div class=\"clear\"><\/div><\/div><div class=\"uncode_text_column alpha-anim animate_when_almost_visible\" data-speed=\"400\"><\/p>\n<blockquote>\n<h4><span class=\"font-156269\">Anciennes gares<\/span><span class=\"font-156269\">\u00a0 &#8211;\u00a0 <\/span><span class=\"font-156269\">Usines\u00a0 &#8211;\u00a0 Manufactures\u00a0 &#8211;\u00a0 <\/span><span class=\"font-156269\">Fabriques &amp; filatures\u00a0<\/span><span class=\"font-156269\"> &#8211;\u00a0 Anciens tribunaux<br \/>\n<\/span><span class=\"font-156269\">Maisons fortes\u00a0 &#8211;\u00a0 <\/span><span class=\"font-156269\">Casemates &amp; blockhaus\u00a0 &#8211;\u00a0 <\/span><span class=\"font-156269\">S<\/span><span class=\"font-156269\">urfaces brutes \u00e0 am\u00e9nager<br \/>\n<\/span><span class=\"font-156269\">Hangars &amp; entrep\u00f4ts vendus en blocs ou \u00e0 la d\u00e9coupe<\/span><\/h4>\n<\/blockquote>\n<p>\n<\/div><\/div><\/div><\/div><\/div><\/div><script id=\"script-row-unique-2\" data-row=\"script-row-unique-2\" type=\"text\/javascript\" class=\"vc_controls\">UNCODE.initRow(document.getElementById(\"row-unique-2\"));<\/script><\/div><\/div><\/div><div data-parent=\"true\" class=\"vc_row row-container onepage-section\" data-label=\"Monuments historiques et remarquables\" data-name=\"monuments-historiques-remarquables\" id=\"row-unique-3\"><div class=\"row-background background-element\">\n\t\t\t\t\t\t\t\t\t\t\t<div class=\"background-wrapper\">\n\t\t\t\t\t\t\t\t\t\t\t\t<div class=\"background-inner\" style=\"background-image: url(https:\/\/www.alrok-immobilier.com\/wp-content\/uploads\/2018\/04\/27765945105_7685597599_o-scaled.jpg);background-repeat: no-repeat;background-position: center center;background-attachment: scroll;background-size: cover;\"><\/div>\n\t\t\t\t\t\t\t\t\t\t\t\t<div class=\"block-bg-overlay style-color-rgdb-bg\" style=\"opacity: 0.7;\"><\/div>\n\t\t\t\t\t\t\t\t\t\t\t<\/div>\n\t\t\t\t\t\t\t\t\t\t<\/div><div class=\"row single-top-padding single-bottom-padding triple-h-padding full-width row-parent\" data-height-ratio=\"full\"><div class=\"wpb_row row-inner\"><div class=\"wpb_column pos-middle pos-left align_left column_parent col-lg-12 single-internal-gutter\"><div class=\"uncol style-dark\"  ><div class=\"uncoltable\"><div class=\"uncell\" ><div class=\"uncont no-block-padding col-custom-width\" style=\"max-width:75%;\"><div class=\"vc_custom_heading_wrap \"><div class=\"heading-text el-text alpha-anim animate_when_almost_visible\" data-delay=\"200\"><h2 class=\"h2\" ><span><\/p><\/span><span><h1><span class=\"font-156269\">Monuments historiques et remarquables \u00e0 r\u00e9interpr\u00e9ter<br \/><\/span><span><\/span><\/h1><\/span><span><p><\/span><\/h2><\/div><div class=\"clear\"><\/div><\/div><div class=\"uncode_text_column alpha-anim animate_when_almost_visible\" data-speed=\"400\"><\/p>\n<blockquote>\n<h4><span class=\"font-156269\">Chapelles\u00a0 &#8211;\u00a0 Abbayes\u00a0 &#8211;\u00a0 Anciens couvents\u00a0 &#8211;\u00a0 <\/span><span class=\"font-156269\">Demeures bourgeoises ou de caract\u00e8re<\/span><span class=\"font-156269\"><br \/>\nCh\u00e2teaux Renaissance &amp; m\u00e9di\u00e9vaux\u00a0 &#8211;\u00a0 Ruines\u00a0 &#8211;\u00a0 Hameaux \u00e0 l&rsquo;abandon<br \/>\n<\/span><span class=\"font-156269\">Immeubles Art d\u00e9co \/ Art nouveau<\/span><\/h4>\n<\/blockquote>\n<p>\n<\/div><\/div><\/div><\/div><\/div><\/div><script id=\"script-row-unique-3\" data-row=\"script-row-unique-3\" type=\"text\/javascript\" class=\"vc_controls\">UNCODE.initRow(document.getElementById(\"row-unique-3\"));<\/script><\/div><\/div><\/div><div data-parent=\"true\" class=\"vc_row row-container onepage-section\" data-label=\"Biens immobiliers d&#039;exception\" data-name=\"biens-immobiliers-exception\" id=\"row-unique-4\"><div class=\"row-background background-element\">\n\t\t\t\t\t\t\t\t\t\t\t<div class=\"background-wrapper\">\n\t\t\t\t\t\t\t\t\t\t\t\t<div class=\"background-inner\" style=\"background-image: url(https:\/\/www.alrok-immobilier.com\/wp-content\/uploads\/2019\/11\/29704490914_b28d76ee3e_k.jpg);background-repeat: no-repeat;background-position: center center;background-attachment: scroll;background-size: cover;\"><\/div>\n\t\t\t\t\t\t\t\t\t\t\t\t<div class=\"block-bg-overlay style-color-rgdb-bg\" style=\"opacity: 0.7;\"><\/div>\n\t\t\t\t\t\t\t\t\t\t\t<\/div>\n\t\t\t\t\t\t\t\t\t\t<\/div><div class=\"row single-top-padding single-bottom-padding triple-h-padding full-width row-parent\" data-height-ratio=\"full\"><div class=\"wpb_row row-inner\"><div class=\"wpb_column pos-middle pos-left align_left column_parent col-lg-12 single-internal-gutter\"><div class=\"uncol style-dark\"  ><div class=\"uncoltable\"><div class=\"uncell\" ><div class=\"uncont no-block-padding col-custom-width\" style=\"max-width:75%;\"><div class=\"vc_custom_heading_wrap \"><div class=\"heading-text el-text alpha-anim animate_when_almost_visible\" data-delay=\"200\"><\/p>\n<h1><span class=\"font-156269\">Biens immobiliers d\u2019exception \u00ab off-market \u00bb\u00a0<\/span><\/h1>\n<p>\n<\/div><div class=\"clear\"><\/div><\/div><div class=\"uncode_text_column alpha-anim animate_when_almost_visible\" data-speed=\"400\"><\/p>\n<blockquote>\n<h4><span class=\"font-156269\">Haras &amp; centres \u00e9questres\u00a0 &#8211;\u00a0 Manoirs\u00a0 &#8211;\u00a0 Maisons de ma\u00eetre\u00a0 &#8211;\u00a0 <\/span><span class=\"font-156269\">Cottages<br \/>\n<\/span><span class=\"font-156269\">Terrains \u00e0 la vue exceptionnelle\u00a0 &#8211;\u00a0 Domaines de chasse\u00a0 &#8211;\u00a0 <\/span><span class=\"font-156269\">Propri\u00e9t\u00e9s viticoles<br \/>\n<\/span><span class=\"font-156269\">H\u00f4tels particuliers\u00a0 &#8211;\u00a0 Chalets &amp; refuges de montagne<br \/>\n<\/span><\/h4>\n<\/blockquote>\n<p>\n<\/div><\/div><\/div><\/div><\/div><\/div><script id=\"script-row-unique-4\" data-row=\"script-row-unique-4\" type=\"text\/javascript\" class=\"vc_controls\">UNCODE.initRow(document.getElementById(\"row-unique-4\"));<\/script><\/div><\/div><\/div><div data-parent=\"true\" class=\"vc_row style-color-rgdb-bg row-container onepage-section\" data-label=\"Nous connaitre\" data-name=\"nous-connaitre\" id=\"row-unique-5\"><div class=\"row one-top-padding single-bottom-padding single-h-padding full-width row-parent\" data-height-ratio=\"full\"><div class=\"wpb_row row-inner\"><div class=\"wpb_column pos-middle pos-left align_left column_parent col-lg-12 single-internal-gutter\"><div class=\"uncol style-dark\"  ><div class=\"uncoltable\"><div class=\"uncell\" ><div class=\"uncont no-block-padding col-custom-width\" style=\"max-width:756px;\"><div class=\"vc_custom_heading_wrap \"><div class=\"heading-text el-text alpha-anim animate_when_almost_visible\" data-delay=\"200\"><h3 class=\"h1\" ><span><\/p><\/span><span><h1 style=\"text-align: left;\"><span class=\"font-156269\">Sp\u00e9cialiste en transactions immobili\u00e8res de biens hors-normes<\/span><\/h1><\/span><span><p><\/span><\/h3><\/div><div class=\"clear\"><\/div><\/div><div class=\"empty-space empty-quart\" ><span class=\"empty-space-inner\"><\/span><\/div>\n<div class=\"vc_custom_heading_wrap \"><div class=\"heading-text el-text alpha-anim animate_when_almost_visible\" data-delay=\"200\"><h3 class=\"h5 fontheight-357766 font-weight-400 text-color-uydo-color\" ><span><span class=\"font-156269\"><strong>ALROK Immobilier<\/strong> vous accompagne dans l\u2019ensemble des processus commerciaux et juridiques de mise en vente de votre bien.<\/span><\/p><\/span><span><p>&nbsp;<\/p><\/span><span><p><span class=\"font-156269\">Notre savoir-faire en mati\u00e8re de vente de biens atypiques nous permet de proposer des solutions sur mesure pour communiquer en toute confidentialit\u00e9 tout en diffusant de mani\u00e8re cibl\u00e9e les informations relatives \u00e0 la vente de vos biens, via notamment un fichier d\u2019investisseurs institutionnels et priv\u00e9s.<\/span><\/p><\/span><span><p>&nbsp;<\/p><\/span><span><p><span class=\"font-156269\">L\u2019agence vous accompagne \u00e9galement dans vos projets d\u2019expansion et d\u2019optimisation de portefeuille gr\u00e2ce \u00e0 un service d&rsquo;expertise indispensable \u00e0 la parfaite r\u00e9alisation d&rsquo;une acquisition immobili\u00e8re.<\/span><\/span><\/h3><\/div><div class=\"clear\"><\/div><\/div><div class=\"empty-space empty-half\" ><span class=\"empty-space-inner\"><\/span><\/div>\n<div class=\"vc_row row-internal row-container\"><div class=\"row row-child\"><div class=\"wpb_row row-inner\"><div class=\"wpb_column pos-top pos-center align_left column_child col-lg-4 single-internal-gutter\"><div class=\"uncol style-light\" ><div class=\"uncoltable\"><div class=\"uncell no-block-padding\" ><div class=\"uncont\"><span class=\"btn-container animate_when_almost_visible zoom-in\" data-delay=\"200\"><a href=\"mailto:contact@alrok.fr\" class=\"custom-link btn border-width-0 btn-color-632047 btn-round btn-flat btn-icon-left\"><i class=\"fa fa-paper-plane\"><\/i>Nous \u00e9crire<\/a><\/span><\/div><\/div><\/div><\/div><\/div><div class=\"wpb_column pos-top pos-center align_left column_child col-lg-4 single-internal-gutter\"><div class=\"uncol style-light\" ><div class=\"uncoltable\"><div class=\"uncell no-block-padding\" ><div class=\"uncont\"><span class=\"btn-container animate_when_almost_visible zoom-in\" data-delay=\"200\"><a href=\"https:\/\/www.alrok-immobilier.com\/connexion\/\" class=\"custom-link btn border-width-0 btn-color-prif btn-round btn-flat btn-icon-left\"><i class=\"fa fa-industry\"><\/i>Espace Pro<\/a><\/span><\/div><\/div><\/div><\/div><\/div><\/div><\/div><\/div><div class=\"divider-wrapper \"  >\n    <hr class=\"border-,Default-color separator-no-padding\"  \/>\n<\/div>\n<div class=\"vc_row row-internal row-container\"><div class=\"row row-child\"><div class=\"wpb_row row-inner\"><div class=\"wpb_column pos-top pos-center align_left column_child col-lg-12 single-internal-gutter\"><div class=\"uncol style-light\" ><div class=\"uncoltable\"><div class=\"uncell no-block-padding\" ><div class=\"uncont\"><span class=\"btn-container btn-inline animate_when_almost_visible alpha-anim\" data-delay=\"400\"><a href=\"https:\/\/goo.gl\/maps\/n17PWARneN98teik6\" class=\"custom-link h4 btn-custom-typo font-156269 font-weight-100 text-initial fontspace-781688 text-color-wvjs-color btn-icon-left\" target=\"_blank\">17 Avenue de Strasbourg 68350 Brunstatt-Didenheim<\/a><\/span><span class=\"btn-container btn-inline animate_when_almost_visible alpha-anim\" data-delay=\"400\"><a href=\"tel:+33369618418\" class=\"custom-link h4 btn-custom-typo font-156269 font-weight-100 text-initial fontspace-781688 text-color-wvjs-color btn-icon-left\">Tel +33 (0)3 69 618 418<\/a><\/span><span class=\"btn-container btn-inline animate_when_almost_visible alpha-anim\" data-delay=\"400\"><a href=\"http:\/\/www.alrok-immobilier.com\/honoraires\/\" class=\"custom-link h4 btn-custom-typo font-156269 font-weight-100 text-initial fontspace-781688 text-color-uydo-color btn-icon-left\" title=\"ALROK - Honoraires de l&#039;agence\">Honoraires<\/a><\/span><\/div><\/div><\/div><\/div><\/div><\/div><\/div><\/div><\/div><\/div><\/div><\/div><\/div><script id=\"script-row-unique-5\" data-row=\"script-row-unique-5\" type=\"text\/javascript\" class=\"vc_controls\">UNCODE.initRow(document.getElementById(\"row-unique-5\"));<\/script><\/div><\/div><\/div>\n","protected":false},"excerpt":{"rendered":"Lieux d\u00e9tourn\u00e9s de leur usage d\u2019origine, r\u00e9nov\u00e9s ou \u00e0 potentiel de r\u00e9novation \u00c9glises d\u00e9sacralis\u00e9es\u00a0 &#8211;\u00a0 Anciennes \u00e9coles\u00a0 &#8211;\u00a0 Th\u00e9\u00e2tres &amp; [...]","protected":false},"author":1,"featured_media":0,"parent":0,"menu_order":0,"comment_status":"closed","ping_status":"closed","template":"","meta":[],"_links":{"self":[{"href":"https:\/\/www.alrok-immobilier.com\/fr\/wp-json\/wp\/v2\/pages\/72412"}],"collection":[{"href":"https:\/\/www.alrok-immobilier.com\/fr\/wp-json\/wp\/v2\/pages"}],"about":[{"href":"https:\/\/www.alrok-immobilier.com\/fr\/wp-json\/wp\/v2\/types\/page"}],"author":[{"embeddable":true,"href":"https:\/\/www.alrok-immobilier.com\/fr\/wp-json\/wp\/v2\/users\/1"}],"replies":[{"embeddable":true,"href":"https:\/\/www.alrok-immobilier.com\/fr\/wp-json\/wp\/v2\/comments?post=72412"}],"version-history":[{"count":214,"href":"https:\/\/www.alrok-immobilier.com\/fr\/wp-json\/wp\/v2\/pages\/72412\/revisions"}],"predecessor-version":[{"id":85198,"href":"https:\/\/www.alrok-immobilier.com\/fr\/wp-json\/wp\/v2\/pages\/72412\/revisions\/85198"}],"wp:attachment":[{"href":"https:\/\/www.alrok-immobilier.com\/fr\/wp-json\/wp\/v2\/media?parent=72412"}],"curies":[{"name":"wp","href":"https:\/\/api.w.org\/{rel}","templated":true}]}}